{"id":486,"date":"2024-10-31T13:44:16","date_gmt":"2024-10-31T18:44:16","guid":{"rendered":"https:\/\/glycoflow.com\/shipping-info\/"},"modified":"2025-01-31T01:00:20","modified_gmt":"2025-01-31T07:00:20","slug":"shipping-info","status":"publish","type":"page","link":"https:\/\/glycoflow.com\/es\/shipping-info\/","title":{"rendered":"Informaci\u00f3n de env\u00edo"},"content":{"rendered":"<style>.kb-row-layout-id486_2e04dd-0e > .kt-row-column-wrap{align-content:start;}:where(.kb-row-layout-id486_2e04dd-0e > .kt-row-column-wrap) > .wp-block-kadence-column{justify-content:start;}.kb-row-layout-id486_2e04dd-0e > .kt-row-column-wrap{column-gap:var(--global-kb-gap-md, 2rem);row-gap:var(--global-kb-gap-md, 2rem);max-width:var( --global-content-width, 1290px );padding-left:var(--global-content-edge-padding);padding-right:var(--global-content-edge-padding);padding-top:var(--global-kb-spacing-4xl, 8rem);padding-bottom:var(--global-kb-spacing-4xl, 8rem);grid-template-columns:minmax(0, 1fr);}.kb-row-layout-id486_2e04dd-0e{background-image:url('https:\/\/glycoflow.com\/wp-content\/uploads\/2024\/09\/GlycoFlow-5.jpg');background-size:cover;background-position:49% 75%;background-attachment:fixed;background-repeat:no-repeat;}.kb-row-layout-id486_2e04dd-0e > .kt-row-layout-overlay{opacity:0.80;background-color:rgba(66, 167, 78, 0.5);mix-blend-mode:normal;}@media all and (max-width: 1024px), only screen and (min-device-width: 1024px) and (max-device-width: 1366px) and (-webkit-min-device-pixel-ratio: 2) and (hover: none){.kb-row-layout-id486_2e04dd-0e{background-attachment:scroll;}}@media all and (max-width: 1024px){.kb-row-layout-id486_2e04dd-0e > .kt-row-column-wrap{grid-template-columns:minmax(0, 1fr);}}@media all and (max-width: 767px){.kb-row-layout-id486_2e04dd-0e > .kt-row-column-wrap{grid-template-columns:minmax(0, 1fr);}}<\/style><div class=\"kb-row-layout-wrap kb-row-layout-id486_2e04dd-0e alignfull kt-row-has-bg kt-jarallax wp-block-kadence-rowlayout\" data-img-position=\"49% 75%\" data-img-size=\"cover\"><div class=\"kt-row-layout-overlay kt-row-overlay-normal\"><\/div><div class=\"kt-row-column-wrap kt-has-1-columns kt-row-layout-equal kt-tab-layout-inherit kt-mobile-layout-row kt-row-valign-top kb-theme-content-width\">\n<style>.kadence-column486_f4bfed-c6 > .kt-inside-inner-col,.kadence-column486_f4bfed-c6 > .kt-inside-inner-col:before{border-top-left-radius:0px;border-top-right-radius:0px;border-bottom-right-radius:0px;border-bottom-left-radius:0px;}.kadence-column486_f4bfed-c6 > .kt-inside-inner-col{column-gap:var(--global-kb-gap-sm, 1rem);}.kadence-column486_f4bfed-c6 > .kt-inside-inner-col{flex-direction:column;}.kadence-column486_f4bfed-c6 > .kt-inside-inner-col > .aligncenter{width:100%;}.kadence-column486_f4bfed-c6 > .kt-inside-inner-col:before{opacity:0.3;}.kadence-column486_f4bfed-c6{position:relative;}@media all and (max-width: 1024px){.kadence-column486_f4bfed-c6 > .kt-inside-inner-col{flex-direction:column;justify-content:center;}}@media all and (max-width: 767px){.kadence-column486_f4bfed-c6 > .kt-inside-inner-col{flex-direction:column;justify-content:center;}}<\/style>\n<div class=\"wp-block-kadence-column kadence-column486_f4bfed-c6 inner-column-1\"><div class=\"kt-inside-inner-col\"><style>.wp-block-kadence-spacer.kt-block-spacer-486_426079-d1 .kt-block-spacer{height:10px;}.wp-block-kadence-spacer.kt-block-spacer-486_426079-d1 .kt-divider{border-top-width:1px;height:1px;border-top-color:var(--global-palette1, #3182CE);width:20%;border-top-style:solid;}<\/style>\n<div class=\"wp-block-kadence-spacer alignnone kt-block-spacer-486_426079-d1\"><div class=\"kt-block-spacer kt-block-spacer-halign-center\"><hr class=\"kt-divider\"\/><\/div><\/div>\n\n\n<style>.wp-block-kadence-advancedheading.kt-adv-heading486_b550c4-5c, .wp-block-kadence-advancedheading.kt-adv-heading486_b550c4-5c[data-kb-block=\"kb-adv-heading486_b550c4-5c\"]{margin-top:0px;margin-bottom:0px;text-align:center;font-size:20px;font-weight:700;font-style:normal;}.wp-block-kadence-advancedheading.kt-adv-heading486_b550c4-5c mark.kt-highlight, .wp-block-kadence-advancedheading.kt-adv-heading486_b550c4-5c[data-kb-block=\"kb-adv-heading486_b550c4-5c\"] mark.kt-highlight{font-style:normal;color:#f76a0c;-webkit-box-decoration-break:clone;box-decoration-break:clone;padding-top:0px;padding-right:0px;padding-bottom:0px;padding-left:0px;}.wp-block-kadence-advancedheading.kt-adv-heading486_b550c4-5c img.kb-inline-image, .wp-block-kadence-advancedheading.kt-adv-heading486_b550c4-5c[data-kb-block=\"kb-adv-heading486_b550c4-5c\"] img.kb-inline-image{width:150px;vertical-align:baseline;}<\/style>\n<div class=\"kt-adv-heading486_b550c4-5c wp-block-kadence-advancedheading has-theme-palette-9-color has-text-color\" data-kb-block=\"kb-adv-heading486_b550c4-5c\">Env\u00edo<\/div>\n\n\n<style>.wp-block-kadence-advancedheading.kt-adv-heading486_1b6514-c5, .wp-block-kadence-advancedheading.kt-adv-heading486_1b6514-c5[data-kb-block=\"kb-adv-heading486_1b6514-c5\"]{max-width:800px;margin-right:auto;margin-left:auto;margin-top:var(--global-kb-spacing-xxs, 0.5rem);text-align:center;font-size:var(--global-kb-font-size-xl, 3rem);line-height:1.2;font-style:normal;}.wp-block-kadence-advancedheading.kt-adv-heading486_1b6514-c5 mark.kt-highlight, .wp-block-kadence-advancedheading.kt-adv-heading486_1b6514-c5[data-kb-block=\"kb-adv-heading486_1b6514-c5\"] mark.kt-highlight{font-style:normal;color:#f76a0c;-webkit-box-decoration-break:clone;box-decoration-break:clone;padding-top:0px;padding-right:0px;padding-bottom:0px;padding-left:0px;}.wp-block-kadence-advancedheading.kt-adv-heading486_1b6514-c5 img.kb-inline-image, .wp-block-kadence-advancedheading.kt-adv-heading486_1b6514-c5[data-kb-block=\"kb-adv-heading486_1b6514-c5\"] img.kb-inline-image{width:150px;vertical-align:baseline;}@media all and (max-width: 767px){.wp-block-kadence-advancedheading.kt-adv-heading486_1b6514-c5, .wp-block-kadence-advancedheading.kt-adv-heading486_1b6514-c5[data-kb-block=\"kb-adv-heading486_1b6514-c5\"]{font-size:36px;}}<\/style>\n<h1 class=\"kt-adv-heading486_1b6514-c5 wp-block-kadence-advancedheading has-theme-palette-9-color has-text-color\" data-kb-block=\"kb-adv-heading486_1b6514-c5\">Informaci\u00f3n de env\u00edo<\/h1>\n<\/div><\/div>\n\n<\/div><\/div>\n\n<style>.kb-row-layout-id486_1569f1-f4 > .kt-row-column-wrap{align-content:start;}:where(.kb-row-layout-id486_1569f1-f4 > .kt-row-column-wrap) > .wp-block-kadence-column{justify-content:start;}.kb-row-layout-id486_1569f1-f4 > .kt-row-column-wrap{column-gap:var(--global-kb-gap-md, 2rem);row-gap:var(--global-kb-gap-md, 2rem);padding-top:var(--global-kb-spacing-xl, 4rem);padding-bottom:var(--global-kb-spacing-sm, 1.5rem);grid-template-columns:minmax(0, 1fr);}.kb-row-layout-id486_1569f1-f4 > .kt-row-layout-overlay{opacity:0.30;}@media all and (max-width: 1024px){.kb-row-layout-id486_1569f1-f4 > .kt-row-column-wrap{grid-template-columns:minmax(0, 1fr);}}@media all and (max-width: 767px){.kb-row-layout-id486_1569f1-f4 > .kt-row-column-wrap{grid-template-columns:minmax(0, 1fr);}}<\/style><div class=\"kb-row-layout-wrap kb-row-layout-id486_1569f1-f4 alignnone wp-block-kadence-rowlayout\"><div class=\"kt-row-column-wrap kt-has-1-columns kt-row-layout-equal kt-tab-layout-inherit kt-mobile-layout-row kt-row-valign-top\">\n<style>.kadence-column486_07f196-82 > .kt-inside-inner-col{display:flex;}.kadence-column486_07f196-82 > .kt-inside-inner-col,.kadence-column486_07f196-82 > .kt-inside-inner-col:before{border-top-left-radius:0px;border-top-right-radius:0px;border-bottom-right-radius:0px;border-bottom-left-radius:0px;}.kadence-column486_07f196-82 > .kt-inside-inner-col{column-gap:var(--global-kb-gap-sm, 1rem);}.kadence-column486_07f196-82 > .kt-inside-inner-col{flex-direction:column;justify-content:center;}.kadence-column486_07f196-82 > .kt-inside-inner-col > .aligncenter{width:100%;}.kt-row-column-wrap > .kadence-column486_07f196-82{align-self:center;}.kt-inner-column-height-full:not(.kt-has-1-columns) > .wp-block-kadence-column.kadence-column486_07f196-82{align-self:auto;}.kt-inner-column-height-full:not(.kt-has-1-columns) > .wp-block-kadence-column.kadence-column486_07f196-82 > .kt-inside-inner-col{flex-direction:column;justify-content:center;}.kadence-column486_07f196-82 > .kt-inside-inner-col:before{opacity:0.3;}.kadence-column486_07f196-82{position:relative;}@media all and (max-width: 1024px){.kt-row-column-wrap > .kadence-column486_07f196-82{align-self:center;}}@media all and (max-width: 1024px){.kt-inner-column-height-full:not(.kt-has-1-columns) > .wp-block-kadence-column.kadence-column486_07f196-82{align-self:auto;}}@media all and (max-width: 1024px){.kt-inner-column-height-full:not(.kt-has-1-columns) > .wp-block-kadence-column.kadence-column486_07f196-82 > .kt-inside-inner-col{flex-direction:column;justify-content:center;}}@media all and (max-width: 1024px){.kadence-column486_07f196-82 > .kt-inside-inner-col{flex-direction:column;justify-content:center;}}@media all and (max-width: 767px){.kt-row-column-wrap > .kadence-column486_07f196-82{align-self:center;}.kt-inner-column-height-full:not(.kt-has-1-columns) > .wp-block-kadence-column.kadence-column486_07f196-82{align-self:auto;}.kt-inner-column-height-full:not(.kt-has-1-columns) > .wp-block-kadence-column.kadence-column486_07f196-82 > .kt-inside-inner-col{flex-direction:column;justify-content:center;}.kadence-column486_07f196-82 > .kt-inside-inner-col{flex-direction:column;justify-content:center;}}<\/style>\n<div class=\"wp-block-kadence-column kadence-column486_07f196-82\"><div class=\"kt-inside-inner-col\">\n<p>Realizamos env\u00edos a trav\u00e9s de USPS (Servicios Postales de los Estados Unidos).<\/p>\n\n\n\n<p>El precio de env\u00edo se calcula autom\u00e1ticamente al finalizar la compra. Utilice la calculadora de env\u00edo en la p\u00e1gina de pago para conocer el precio de env\u00edo exacto a su ubicaci\u00f3n.<\/p>\n\n\n\n<p>Estamos utilizando las siguientes opciones de env\u00edo de USPS:<\/p>\n\n\n\n<ul class=\"wp-block-list\">\n<li>Tierra de USPS<\/li>\n\n\n\n<li>Correo prioritario, sobre peque\u00f1o de tarifa fija<\/li>\n<\/ul>\n\n\n\n<p>Una vez recibido su pedido, generalmente procesamos y enviamos su pedido dentro de 1 a 2 d\u00edas h\u00e1biles.<\/p>\n\n\n\n<p>Si tiene alguna pregunta, comun\u00edquese con nosotros.<\/p>\n<\/div><\/div>\n\n<\/div><\/div>","protected":false},"excerpt":{"rendered":"<p>Env\u00edo Informaci\u00f3n de env\u00edo Realizamos env\u00edos a trav\u00e9s de USPS (Servicios Postales de los Estados Unidos). El precio de env\u00edo se calcula autom\u00e1ticamente al finalizar la compra. Utilice la calculadora de env\u00edo en la p\u00e1gina de pago para conocer el precio de env\u00edo exacto a su ubicaci\u00f3n. Estamos utilizando las siguientes opciones de env\u00edo de&#8230;<\/p>\n","protected":false},"author":1,"featured_media":0,"parent":0,"menu_order":0,"comment_status":"closed","ping_status":"closed","template":"","meta":{"_kad_blocks_custom_css":"","_kad_blocks_head_custom_js":"","_kad_blocks_body_custom_js":"","_kad_blocks_footer_custom_js":"","_kad_post_transparent":"","_kad_post_title":"","_kad_post_layout":"","_kad_post_sidebar_id":"","_kad_post_content_style":"","_kad_post_vertical_padding":"","_kad_post_feature":"","_kad_post_feature_position":"","_kad_post_header":false,"_kad_post_footer":false,"_kad_post_classname":"","footnotes":""},"class_list":["post-486","page","type-page","status-publish","hentry"],"yoast_head":"<!-- This site is optimized with the Yoast SEO plugin v27.4 - https:\/\/yoast.com\/product\/yoast-seo-wordpress\/ -->\n<title>Glycoflow Shipping Info<\/title>\n<meta name=\"description\" content=\"Glycoflow Shipping Info\" \/>\n<meta name=\"robots\" content=\"index, follow, max-snippet:-1, max-image-preview:large, max-video-preview:-1\" \/>\n<link rel=\"canonical\" href=\"https:\/\/glycoflow.com\/es\/shipping-info\/\" \/>\n<meta property=\"og:locale\" content=\"es_ES\" \/>\n<meta property=\"og:type\" content=\"article\" \/>\n<meta property=\"og:title\" content=\"Glycoflow Shipping Info\" \/>\n<meta property=\"og:description\" content=\"Glycoflow Shipping Info\" \/>\n<meta property=\"og:url\" content=\"https:\/\/glycoflow.com\/es\/shipping-info\/\" \/>\n<meta property=\"og:site_name\" content=\"GlycoFlow\" \/>\n<meta property=\"article:modified_time\" content=\"2025-01-31T07:00:20+00:00\" \/>\n<meta property=\"og:image\" content=\"https:\/\/glycoflow.com\/wp-content\/uploads\/2024\/09\/GlycoFlow-6.jpg\" \/>\n<meta name=\"twitter:card\" content=\"summary_large_image\" \/>\n<meta name=\"twitter:title\" content=\"Glycoflow Shipping Info\" \/>\n<meta name=\"twitter:description\" content=\"Glycoflow Shipping Info\" \/>\n<meta name=\"twitter:image\" content=\"https:\/\/glycoflow.com\/wp-content\/uploads\/2024\/09\/GlycoFlow-5.jpg\" \/>\n<meta name=\"twitter:label1\" content=\"Tiempo de lectura\" \/>\n\t<meta name=\"twitter:data1\" content=\"1 minuto\" \/>\n<script type=\"application\/ld+json\" class=\"yoast-schema-graph\">{\"@context\":\"https:\\\/\\\/schema.org\",\"@graph\":[{\"@type\":\"WebPage\",\"@id\":\"https:\\\/\\\/glycoflow.com\\\/es\\\/shipping-info\\\/\",\"url\":\"https:\\\/\\\/glycoflow.com\\\/es\\\/shipping-info\\\/\",\"name\":\"Glycoflow Shipping Info\",\"isPartOf\":{\"@id\":\"https:\\\/\\\/glycoflow.com\\\/es\\\/#website\"},\"datePublished\":\"2024-10-31T18:44:16+00:00\",\"dateModified\":\"2025-01-31T07:00:20+00:00\",\"description\":\"Glycoflow Shipping Info\",\"breadcrumb\":{\"@id\":\"https:\\\/\\\/glycoflow.com\\\/es\\\/shipping-info\\\/#breadcrumb\"},\"inLanguage\":\"es\",\"potentialAction\":[{\"@type\":\"ReadAction\",\"target\":[\"https:\\\/\\\/glycoflow.com\\\/es\\\/shipping-info\\\/\"]}]},{\"@type\":\"BreadcrumbList\",\"@id\":\"https:\\\/\\\/glycoflow.com\\\/es\\\/shipping-info\\\/#breadcrumb\",\"itemListElement\":[{\"@type\":\"ListItem\",\"position\":1,\"name\":\"Home\",\"item\":\"https:\\\/\\\/glycoflow.com\\\/es\\\/\"},{\"@type\":\"ListItem\",\"position\":2,\"name\":\"Informaci\u00f3n de env\u00edo\"}]},{\"@type\":\"WebSite\",\"@id\":\"https:\\\/\\\/glycoflow.com\\\/es\\\/#website\",\"url\":\"https:\\\/\\\/glycoflow.com\\\/es\\\/\",\"name\":\"GlycoFlow\",\"description\":\"\",\"publisher\":{\"@id\":\"https:\\\/\\\/glycoflow.com\\\/es\\\/#organization\"},\"potentialAction\":[{\"@type\":\"SearchAction\",\"target\":{\"@type\":\"EntryPoint\",\"urlTemplate\":\"https:\\\/\\\/glycoflow.com\\\/es\\\/?s={search_term_string}\"},\"query-input\":{\"@type\":\"PropertyValueSpecification\",\"valueRequired\":true,\"valueName\":\"search_term_string\"}}],\"inLanguage\":\"es\"},{\"@type\":\"Organization\",\"@id\":\"https:\\\/\\\/glycoflow.com\\\/es\\\/#organization\",\"name\":\"VDCommers108 LLC\",\"url\":\"https:\\\/\\\/glycoflow.com\\\/es\\\/\",\"logo\":{\"@type\":\"ImageObject\",\"inLanguage\":\"es\",\"@id\":\"https:\\\/\\\/glycoflow.com\\\/es\\\/#\\\/schema\\\/logo\\\/image\\\/\",\"url\":\"https:\\\/\\\/glycoflow.com\\\/wp-content\\\/uploads\\\/2024\\\/09\\\/GlycoFlow-logo.png\",\"contentUrl\":\"https:\\\/\\\/glycoflow.com\\\/wp-content\\\/uploads\\\/2024\\\/09\\\/GlycoFlow-logo.png\",\"width\":300,\"height\":225,\"caption\":\"VDCommers108 LLC\"},\"image\":{\"@id\":\"https:\\\/\\\/glycoflow.com\\\/es\\\/#\\\/schema\\\/logo\\\/image\\\/\"}}]}<\/script>\n<!-- \/ Yoast SEO plugin. -->","yoast_head_json":{"title":"Glycoflow Shipping Info","description":"Glycoflow Shipping Info","robots":{"index":"index","follow":"follow","max-snippet":"max-snippet:-1","max-image-preview":"max-image-preview:large","max-video-preview":"max-video-preview:-1"},"canonical":"https:\/\/glycoflow.com\/es\/shipping-info\/","og_locale":"es_ES","og_type":"article","og_title":"Glycoflow Shipping Info","og_description":"Glycoflow Shipping Info","og_url":"https:\/\/glycoflow.com\/es\/shipping-info\/","og_site_name":"GlycoFlow","article_modified_time":"2025-01-31T07:00:20+00:00","og_image":[{"url":"https:\/\/glycoflow.com\/wp-content\/uploads\/2024\/09\/GlycoFlow-6.jpg","type":"","width":"","height":""}],"twitter_card":"summary_large_image","twitter_title":"Glycoflow Shipping Info","twitter_description":"Glycoflow Shipping Info","twitter_image":"https:\/\/glycoflow.com\/wp-content\/uploads\/2024\/09\/GlycoFlow-5.jpg","twitter_misc":{"Tiempo de lectura":"1 minuto"},"schema":{"@context":"https:\/\/schema.org","@graph":[{"@type":"WebPage","@id":"https:\/\/glycoflow.com\/es\/shipping-info\/","url":"https:\/\/glycoflow.com\/es\/shipping-info\/","name":"Glycoflow Shipping Info","isPartOf":{"@id":"https:\/\/glycoflow.com\/es\/#website"},"datePublished":"2024-10-31T18:44:16+00:00","dateModified":"2025-01-31T07:00:20+00:00","description":"Glycoflow Shipping Info","breadcrumb":{"@id":"https:\/\/glycoflow.com\/es\/shipping-info\/#breadcrumb"},"inLanguage":"es","potentialAction":[{"@type":"ReadAction","target":["https:\/\/glycoflow.com\/es\/shipping-info\/"]}]},{"@type":"BreadcrumbList","@id":"https:\/\/glycoflow.com\/es\/shipping-info\/#breadcrumb","itemListElement":[{"@type":"ListItem","position":1,"name":"Home","item":"https:\/\/glycoflow.com\/es\/"},{"@type":"ListItem","position":2,"name":"Informaci\u00f3n de env\u00edo"}]},{"@type":"WebSite","@id":"https:\/\/glycoflow.com\/es\/#website","url":"https:\/\/glycoflow.com\/es\/","name":"GlycoFlow","description":"","publisher":{"@id":"https:\/\/glycoflow.com\/es\/#organization"},"potentialAction":[{"@type":"SearchAction","target":{"@type":"EntryPoint","urlTemplate":"https:\/\/glycoflow.com\/es\/?s={search_term_string}"},"query-input":{"@type":"PropertyValueSpecification","valueRequired":true,"valueName":"search_term_string"}}],"inLanguage":"es"},{"@type":"Organization","@id":"https:\/\/glycoflow.com\/es\/#organization","name":"VDCommers108 LLC","url":"https:\/\/glycoflow.com\/es\/","logo":{"@type":"ImageObject","inLanguage":"es","@id":"https:\/\/glycoflow.com\/es\/#\/schema\/logo\/image\/","url":"https:\/\/glycoflow.com\/wp-content\/uploads\/2024\/09\/GlycoFlow-logo.png","contentUrl":"https:\/\/glycoflow.com\/wp-content\/uploads\/2024\/09\/GlycoFlow-logo.png","width":300,"height":225,"caption":"VDCommers108 LLC"},"image":{"@id":"https:\/\/glycoflow.com\/es\/#\/schema\/logo\/image\/"}}]}},"taxonomy_info":[],"featured_image_src_large":false,"author_info":{"display_name":"michael","author_link":"https:\/\/glycoflow.com\/es\/blog\/author\/michael\/"},"comment_info":0,"_links":{"self":[{"href":"https:\/\/glycoflow.com\/es\/wp-json\/wp\/v2\/pages\/486","targetHints":{"allow":["GET"]}}],"collection":[{"href":"https:\/\/glycoflow.com\/es\/wp-json\/wp\/v2\/pages"}],"about":[{"href":"https:\/\/glycoflow.com\/es\/wp-json\/wp\/v2\/types\/page"}],"author":[{"embeddable":true,"href":"https:\/\/glycoflow.com\/es\/wp-json\/wp\/v2\/users\/1"}],"replies":[{"embeddable":true,"href":"https:\/\/glycoflow.com\/es\/wp-json\/wp\/v2\/comments?post=486"}],"version-history":[{"count":1,"href":"https:\/\/glycoflow.com\/es\/wp-json\/wp\/v2\/pages\/486\/revisions"}],"predecessor-version":[{"id":488,"href":"https:\/\/glycoflow.com\/es\/wp-json\/wp\/v2\/pages\/486\/revisions\/488"}],"wp:attachment":[{"href":"https:\/\/glycoflow.com\/es\/wp-json\/wp\/v2\/media?parent=486"}],"curies":[{"name":"wp","href":"https:\/\/api.w.org\/{rel}","templated":true}]}}