{"id":504,"date":"2024-09-30T16:20:01","date_gmt":"2024-09-30T21:20:01","guid":{"rendered":"https:\/\/glycoflow.com\/product\/glycoflow\/"},"modified":"2025-01-31T01:28:16","modified_gmt":"2025-01-31T07:28:16","slug":"glycoflow","status":"publish","type":"product","link":"https:\/\/glycoflow.com\/es\/product\/glycoflow\/","title":{"rendered":"GlycoFlow"},"content":{"rendered":"","protected":false},"excerpt":{"rendered":"<p>GlycoFlow es una f\u00f3rmula poderosa y de acci\u00f3n r\u00e1pida dise\u00f1ada para optimizar los niveles de az\u00facar en la sangre, reducir los antojos de carbohidratos y apoyar el manejo del peso. Con una mezcla de ingredientes naturales respaldados cient\u00edficamente, ayuda a gestionar los efectos de los carbohidratos y az\u00facares, reduciendo los picos de glucosa en minutos y promoviendo la salud metab\u00f3lica general.<\/p>\n","protected":false},"featured_media":423,"comment_status":"open","ping_status":"closed","template":"","meta":{"_kad_blocks_custom_css":"","_kad_blocks_head_custom_js":"","_kad_blocks_body_custom_js":"","_kad_blocks_footer_custom_js":"","_kad_post_transparent":"default","_kad_post_title":"","_kad_post_layout":"default","_kad_post_sidebar_id":"","_kad_post_content_style":"default","_kad_post_vertical_padding":"default","_kad_post_feature":"","_kad_post_feature_position":"","_kad_post_header":false,"_kad_post_footer":false,"_kad_post_classname":""},"product_brand":[],"product_cat":[30],"product_tag":[],"class_list":{"0":"post-504","1":"product","2":"type-product","3":"status-publish","4":"has-post-thumbnail","6":"product_cat-glycoflow-es","8":"first","9":"instock","10":"sale","11":"taxable","12":"shipping-taxable","13":"purchasable","14":"product-type-variable","15":"entry","16":"content-bg","17":"loop-entry"},"yoast_head":"<!-- This site is optimized with the Yoast SEO plugin v27.4 - https:\/\/yoast.com\/product\/yoast-seo-wordpress\/ -->\n<title>Glycoflow - Protect You From Glucose Spikes<\/title>\n<meta name=\"description\" content=\"GlycoFlow is a powerful, fast-acting formula designed to optimize blood sugar levels, and carb cravings, and support weight management.\" \/>\n<meta name=\"robots\" content=\"index, follow, max-snippet:-1, max-image-preview:large, max-video-preview:-1\" \/>\n<link rel=\"canonical\" href=\"https:\/\/glycoflow.com\/es\/product\/glycoflow\/\" \/>\n<meta property=\"og:locale\" content=\"es_ES\" \/>\n<meta property=\"og:type\" content=\"article\" \/>\n<meta property=\"og:title\" content=\"Glycoflow - Protect You From Glucose Spikes\" \/>\n<meta property=\"og:description\" content=\"GlycoFlow is a powerful, fast-acting formula designed to optimize blood sugar levels, and carb cravings, and support weight management.\" \/>\n<meta property=\"og:url\" content=\"https:\/\/glycoflow.com\/es\/product\/glycoflow\/\" \/>\n<meta property=\"og:site_name\" content=\"GlycoFlow\" \/>\n<meta property=\"article:modified_time\" content=\"2025-01-31T07:28:16+00:00\" \/>\n<meta property=\"og:image\" content=\"https:\/\/glycoflow.com\/wp-content\/uploads\/2024\/09\/GlycoFlow-7-223x300.jpg\" \/>\n<meta name=\"twitter:card\" content=\"summary_large_image\" \/>\n<meta name=\"twitter:title\" content=\"Glycoflow - Protect You From Glucose Spikes\" \/>\n<meta name=\"twitter:description\" content=\"GlycoFlow is a powerful, fast-acting formula designed to optimize blood sugar levels, and carb cravings, and support weight management.\" \/>\n<meta name=\"twitter:image\" content=\"https:\/\/glycoflow.com\/wp-content\/uploads\/2024\/09\/GlycoFlow-7.jpg\" \/>\n<meta name=\"twitter:label1\" content=\"Tiempo de lectura\" \/>\n\t<meta name=\"twitter:data1\" content=\"1 minuto\" \/>\n<script type=\"application\/ld+json\" class=\"yoast-schema-graph\">{\"@context\":\"https:\\\/\\\/schema.org\",\"@graph\":[{\"@type\":\"WebPage\",\"@id\":\"https:\\\/\\\/glycoflow.com\\\/es\\\/product\\\/glycoflow\\\/\",\"url\":\"https:\\\/\\\/glycoflow.com\\\/es\\\/product\\\/glycoflow\\\/\",\"name\":\"Glycoflow - Protect You From Glucose Spikes\",\"isPartOf\":{\"@id\":\"https:\\\/\\\/glycoflow.com\\\/es\\\/#website\"},\"primaryImageOfPage\":{\"@id\":\"https:\\\/\\\/glycoflow.com\\\/es\\\/product\\\/glycoflow\\\/#primaryimage\"},\"image\":{\"@id\":\"https:\\\/\\\/glycoflow.com\\\/es\\\/product\\\/glycoflow\\\/#primaryimage\"},\"thumbnailUrl\":\"https:\\\/\\\/glycoflow.com\\\/wp-content\\\/uploads\\\/2024\\\/09\\\/Glycoflow-3-1.jpg\",\"datePublished\":\"2024-09-30T21:20:01+00:00\",\"dateModified\":\"2025-01-31T07:28:16+00:00\",\"description\":\"GlycoFlow is a powerful, fast-acting formula designed to optimize blood sugar levels, and carb cravings, and support weight management.\",\"breadcrumb\":{\"@id\":\"https:\\\/\\\/glycoflow.com\\\/es\\\/product\\\/glycoflow\\\/#breadcrumb\"},\"inLanguage\":\"es\",\"potentialAction\":[{\"@type\":\"ReadAction\",\"target\":[\"https:\\\/\\\/glycoflow.com\\\/es\\\/product\\\/glycoflow\\\/\"]}]},{\"@type\":\"ImageObject\",\"inLanguage\":\"es\",\"@id\":\"https:\\\/\\\/glycoflow.com\\\/es\\\/product\\\/glycoflow\\\/#primaryimage\",\"url\":\"https:\\\/\\\/glycoflow.com\\\/wp-content\\\/uploads\\\/2024\\\/09\\\/Glycoflow-3-1.jpg\",\"contentUrl\":\"https:\\\/\\\/glycoflow.com\\\/wp-content\\\/uploads\\\/2024\\\/09\\\/Glycoflow-3-1.jpg\",\"width\":1000,\"height\":751},{\"@type\":\"BreadcrumbList\",\"@id\":\"https:\\\/\\\/glycoflow.com\\\/es\\\/product\\\/glycoflow\\\/#breadcrumb\",\"itemListElement\":[{\"@type\":\"ListItem\",\"position\":1,\"name\":\"Home\",\"item\":\"https:\\\/\\\/glycoflow.com\\\/es\\\/\"},{\"@type\":\"ListItem\",\"position\":2,\"name\":\"Shop\",\"item\":\"https:\\\/\\\/glycoflow.com\\\/shop\\\/\"},{\"@type\":\"ListItem\",\"position\":3,\"name\":\"GlycoFlow\"}]},{\"@type\":\"WebSite\",\"@id\":\"https:\\\/\\\/glycoflow.com\\\/es\\\/#website\",\"url\":\"https:\\\/\\\/glycoflow.com\\\/es\\\/\",\"name\":\"GlycoFlow\",\"description\":\"\",\"publisher\":{\"@id\":\"https:\\\/\\\/glycoflow.com\\\/es\\\/#organization\"},\"potentialAction\":[{\"@type\":\"SearchAction\",\"target\":{\"@type\":\"EntryPoint\",\"urlTemplate\":\"https:\\\/\\\/glycoflow.com\\\/es\\\/?s={search_term_string}\"},\"query-input\":{\"@type\":\"PropertyValueSpecification\",\"valueRequired\":true,\"valueName\":\"search_term_string\"}}],\"inLanguage\":\"es\"},{\"@type\":\"Organization\",\"@id\":\"https:\\\/\\\/glycoflow.com\\\/es\\\/#organization\",\"name\":\"VDCommers108 LLC\",\"url\":\"https:\\\/\\\/glycoflow.com\\\/es\\\/\",\"logo\":{\"@type\":\"ImageObject\",\"inLanguage\":\"es\",\"@id\":\"https:\\\/\\\/glycoflow.com\\\/es\\\/#\\\/schema\\\/logo\\\/image\\\/\",\"url\":\"https:\\\/\\\/glycoflow.com\\\/wp-content\\\/uploads\\\/2024\\\/09\\\/GlycoFlow-logo.png\",\"contentUrl\":\"https:\\\/\\\/glycoflow.com\\\/wp-content\\\/uploads\\\/2024\\\/09\\\/GlycoFlow-logo.png\",\"width\":300,\"height\":225,\"caption\":\"VDCommers108 LLC\"},\"image\":{\"@id\":\"https:\\\/\\\/glycoflow.com\\\/es\\\/#\\\/schema\\\/logo\\\/image\\\/\"}}]}<\/script>\n<!-- \/ Yoast SEO plugin. -->","yoast_head_json":{"title":"Glycoflow - Protect You From Glucose Spikes","description":"GlycoFlow is a powerful, fast-acting formula designed to optimize blood sugar levels, and carb cravings, and support weight management.","robots":{"index":"index","follow":"follow","max-snippet":"max-snippet:-1","max-image-preview":"max-image-preview:large","max-video-preview":"max-video-preview:-1"},"canonical":"https:\/\/glycoflow.com\/es\/product\/glycoflow\/","og_locale":"es_ES","og_type":"article","og_title":"Glycoflow - Protect You From Glucose Spikes","og_description":"GlycoFlow is a powerful, fast-acting formula designed to optimize blood sugar levels, and carb cravings, and support weight management.","og_url":"https:\/\/glycoflow.com\/es\/product\/glycoflow\/","og_site_name":"GlycoFlow","article_modified_time":"2025-01-31T07:28:16+00:00","og_image":[{"url":"https:\/\/glycoflow.com\/wp-content\/uploads\/2024\/09\/GlycoFlow-7-223x300.jpg","type":"","width":"","height":""}],"twitter_card":"summary_large_image","twitter_title":"Glycoflow - Protect You From Glucose Spikes","twitter_description":"GlycoFlow is a powerful, fast-acting formula designed to optimize blood sugar levels, and carb cravings, and support weight management.","twitter_image":"https:\/\/glycoflow.com\/wp-content\/uploads\/2024\/09\/GlycoFlow-7.jpg","twitter_misc":{"Tiempo de lectura":"1 minuto"},"schema":{"@context":"https:\/\/schema.org","@graph":[{"@type":"WebPage","@id":"https:\/\/glycoflow.com\/es\/product\/glycoflow\/","url":"https:\/\/glycoflow.com\/es\/product\/glycoflow\/","name":"Glycoflow - Protect You From Glucose Spikes","isPartOf":{"@id":"https:\/\/glycoflow.com\/es\/#website"},"primaryImageOfPage":{"@id":"https:\/\/glycoflow.com\/es\/product\/glycoflow\/#primaryimage"},"image":{"@id":"https:\/\/glycoflow.com\/es\/product\/glycoflow\/#primaryimage"},"thumbnailUrl":"https:\/\/glycoflow.com\/wp-content\/uploads\/2024\/09\/Glycoflow-3-1.jpg","datePublished":"2024-09-30T21:20:01+00:00","dateModified":"2025-01-31T07:28:16+00:00","description":"GlycoFlow is a powerful, fast-acting formula designed to optimize blood sugar levels, and carb cravings, and support weight management.","breadcrumb":{"@id":"https:\/\/glycoflow.com\/es\/product\/glycoflow\/#breadcrumb"},"inLanguage":"es","potentialAction":[{"@type":"ReadAction","target":["https:\/\/glycoflow.com\/es\/product\/glycoflow\/"]}]},{"@type":"ImageObject","inLanguage":"es","@id":"https:\/\/glycoflow.com\/es\/product\/glycoflow\/#primaryimage","url":"https:\/\/glycoflow.com\/wp-content\/uploads\/2024\/09\/Glycoflow-3-1.jpg","contentUrl":"https:\/\/glycoflow.com\/wp-content\/uploads\/2024\/09\/Glycoflow-3-1.jpg","width":1000,"height":751},{"@type":"BreadcrumbList","@id":"https:\/\/glycoflow.com\/es\/product\/glycoflow\/#breadcrumb","itemListElement":[{"@type":"ListItem","position":1,"name":"Home","item":"https:\/\/glycoflow.com\/es\/"},{"@type":"ListItem","position":2,"name":"Shop","item":"https:\/\/glycoflow.com\/shop\/"},{"@type":"ListItem","position":3,"name":"GlycoFlow"}]},{"@type":"WebSite","@id":"https:\/\/glycoflow.com\/es\/#website","url":"https:\/\/glycoflow.com\/es\/","name":"GlycoFlow","description":"","publisher":{"@id":"https:\/\/glycoflow.com\/es\/#organization"},"potentialAction":[{"@type":"SearchAction","target":{"@type":"EntryPoint","urlTemplate":"https:\/\/glycoflow.com\/es\/?s={search_term_string}"},"query-input":{"@type":"PropertyValueSpecification","valueRequired":true,"valueName":"search_term_string"}}],"inLanguage":"es"},{"@type":"Organization","@id":"https:\/\/glycoflow.com\/es\/#organization","name":"VDCommers108 LLC","url":"https:\/\/glycoflow.com\/es\/","logo":{"@type":"ImageObject","inLanguage":"es","@id":"https:\/\/glycoflow.com\/es\/#\/schema\/logo\/image\/","url":"https:\/\/glycoflow.com\/wp-content\/uploads\/2024\/09\/GlycoFlow-logo.png","contentUrl":"https:\/\/glycoflow.com\/wp-content\/uploads\/2024\/09\/GlycoFlow-logo.png","width":300,"height":225,"caption":"VDCommers108 LLC"},"image":{"@id":"https:\/\/glycoflow.com\/es\/#\/schema\/logo\/image\/"}}]}},"taxonomy_info":{"product_cat":[{"value":30,"label":"GlycoFlow"}]},"featured_image_src_large":["https:\/\/glycoflow.com\/wp-content\/uploads\/2024\/09\/Glycoflow-3-1.jpg",1000,751,false],"author_info":[],"comment_info":0,"_links":{"self":[{"href":"https:\/\/glycoflow.com\/es\/wp-json\/wp\/v2\/product\/504","targetHints":{"allow":["GET"]}}],"collection":[{"href":"https:\/\/glycoflow.com\/es\/wp-json\/wp\/v2\/product"}],"about":[{"href":"https:\/\/glycoflow.com\/es\/wp-json\/wp\/v2\/types\/product"}],"replies":[{"embeddable":true,"href":"https:\/\/glycoflow.com\/es\/wp-json\/wp\/v2\/comments?post=504"}],"wp:featuredmedia":[{"embeddable":true,"href":"https:\/\/glycoflow.com\/es\/wp-json\/wp\/v2\/media\/423"}],"wp:attachment":[{"href":"https:\/\/glycoflow.com\/es\/wp-json\/wp\/v2\/media?parent=504"}],"wp:term":[{"taxonomy":"product_brand","embeddable":true,"href":"https:\/\/glycoflow.com\/es\/wp-json\/wp\/v2\/product_brand?post=504"},{"taxonomy":"product_cat","embeddable":true,"href":"https:\/\/glycoflow.com\/es\/wp-json\/wp\/v2\/product_cat?post=504"},{"taxonomy":"product_tag","embeddable":true,"href":"https:\/\/glycoflow.com\/es\/wp-json\/wp\/v2\/product_tag?post=504"}],"curies":[{"name":"wp","href":"https:\/\/api.w.org\/{rel}","templated":true}]}}